{"id":2,"date":"2026-02-04T14:33:53","date_gmt":"2026-02-04T14:33:53","guid":{"rendered":"http:\/\/www.blog.claireillusion.fr\/?page_id=2"},"modified":"2026-02-05T15:25:19","modified_gmt":"2026-02-05T15:25:19","slug":"sample-page","status":"publish","type":"page","link":"https:\/\/www.blog.claireillusion.fr\/index.php\/sample-page\/","title":{"rendered":"Claire Vision &#038; Claire Illusion @tout Bout de Champs"},"content":{"rendered":"<h2 class=\"wp-block-post-title\">Claire Vision &#038; Claire Illusion @tout Bout de Champs<\/h2>\n\n\n<details class=\"wp-block-details is-layout-flow wp-block-details-is-layout-flow\"><summary><\/summary><h4 class=\"wp-block-post-title\">Claire Vision &#038; Claire Illusion @tout Bout de Champs<\/h4><\/details>\n\n\n\n<p>Au-del\u00e0 d&#8217;un jeu sur les identit\u00e9s professionnelles, le pseudo sur les r\u00e9seaux , les r\u00f4les, les m\u00e9tiers, les fonctions, pr\u00e9ciser et se perdre\u202f! <\/p>\n\n\n\n<blockquote class=\"wp-block-quote is-layout-flow wp-block-quote-is-layout-flow\">\n<p><a href=\"http:\/\/claireillusion.fr\" type=\"link\" id=\"claireillusion.fr\">Claire Illusion : artiste visuelle<\/a><\/p>\n<\/blockquote>\n\n\n\n<p>mais pas que :<\/p>\n\n\n\n<blockquote class=\"wp-block-quote is-layout-flow wp-block-quote-is-layout-flow\">\n<p><a href=\"http:\/\/claire-vision.claireillusion.fr\/index.html\">Claire Vision : intervenante<\/a><\/p>\n\n\n\n<p>Nous essayons de penser la complexit\u00e9, \u00e0 travers les champs visuels, les champs des mondes sociaux, de la philosophie de l&#8217;esth\u00e9tique et de l&#8217;\u00e9thique, les multiples identit\u00e9s pour ne pas rester fig\u00e9s dans un point de vue, d\u00e9placer le regard et d\u00e9placer nos certitudes, <\/p>\n\n\n\n<p>multiples d\u00e9sir\u00e9s et multiples comp\u00e9tences. <\/p>\n\n\n\n<p>Standardis\u00e9 ou \u00e9mancip\u00e9, <\/p>\n\n\n\n<p><\/p>\n<\/blockquote>\n\n\n\n<p>se distinguer, distinguer, incarner diff\u00e9rentes identit\u00e9s, <\/p>\n","protected":false},"excerpt":{"rendered":"<p>Au-del\u00e0 d&#8217;un jeu sur les identit\u00e9s professionnelles, le pseudo sur les r\u00e9seaux , les r\u00f4les, les m\u00e9tiers, les fonctions, pr\u00e9ciser et se perdre\u202f! Claire Illusion : artiste visuelle mais pas que : Claire Vision : intervenante Nous essayons de penser la complexit\u00e9, \u00e0 travers les champs visuels, les champs des mondes sociaux, de la philosophie [&hellip;]<\/p>\n","protected":false},"author":1,"featured_media":0,"parent":0,"menu_order":0,"comment_status":"closed","ping_status":"open","template":"","meta":{"footnotes":""},"class_list":["post-2","page","type-page","status-publish","hentry"],"yoast_head":"<!-- This site is optimized with the Yoast SEO plugin v26.9 - https:\/\/yoast.com\/product\/yoast-seo-wordpress\/ -->\n<title>Claire Vision &amp; Claire Illusion @tout Bout de Champs - Claire Vision<\/title>\n<meta name=\"robots\" content=\"index, follow, max-snippet:-1, max-image-preview:large, max-video-preview:-1\" \/>\n<link rel=\"canonical\" href=\"https:\/\/www.blog.claireillusion.fr\/index.php\/sample-page\/\" \/>\n<meta property=\"og:locale\" content=\"en_US\" \/>\n<meta property=\"og:type\" content=\"article\" \/>\n<meta property=\"og:title\" content=\"Claire Vision &amp; Claire Illusion @tout Bout de Champs - Claire Vision\" \/>\n<meta property=\"og:description\" content=\"Au-del\u00e0 d&#8217;un jeu sur les identit\u00e9s professionnelles, le pseudo sur les r\u00e9seaux , les r\u00f4les, les m\u00e9tiers, les fonctions, pr\u00e9ciser et se perdre\u202f! Claire Illusion : artiste visuelle mais pas que : Claire Vision : intervenante Nous essayons de penser la complexit\u00e9, \u00e0 travers les champs visuels, les champs des mondes sociaux, de la philosophie [&hellip;]\" \/>\n<meta property=\"og:url\" content=\"https:\/\/www.blog.claireillusion.fr\/index.php\/sample-page\/\" \/>\n<meta property=\"og:site_name\" content=\"Claire Vision\" \/>\n<meta property=\"article:modified_time\" content=\"2026-02-05T15:25:19+00:00\" \/>\n<meta property=\"og:image\" content=\"https:\/\/www.blog.claireillusion.fr\/wp-content\/uploads\/2026\/02\/cropped-logo-blanc-cv.png\" \/>\n\t<meta property=\"og:image:width\" content=\"695\" \/>\n\t<meta property=\"og:image:height\" content=\"516\" \/>\n\t<meta property=\"og:image:type\" content=\"image\/png\" \/>\n<meta name=\"twitter:card\" content=\"summary_large_image\" \/>\n<meta name=\"twitter:label1\" content=\"Est. reading time\" \/>\n\t<meta name=\"twitter:data1\" content=\"1 minute\" \/>\n<script type=\"application\/ld+json\" class=\"yoast-schema-graph\">{\"@context\":\"https:\/\/schema.org\",\"@graph\":[{\"@type\":\"WebPage\",\"@id\":\"https:\/\/www.blog.claireillusion.fr\/index.php\/sample-page\/\",\"url\":\"https:\/\/www.blog.claireillusion.fr\/index.php\/sample-page\/\",\"name\":\"Claire Vision & Claire Illusion @tout Bout de Champs - Claire Vision\",\"isPartOf\":{\"@id\":\"https:\/\/www.blog.claireillusion.fr\/#website\"},\"datePublished\":\"2026-02-04T14:33:53+00:00\",\"dateModified\":\"2026-02-05T15:25:19+00:00\",\"breadcrumb\":{\"@id\":\"https:\/\/www.blog.claireillusion.fr\/index.php\/sample-page\/#breadcrumb\"},\"inLanguage\":\"en-US\",\"potentialAction\":[{\"@type\":\"ReadAction\",\"target\":[\"https:\/\/www.blog.claireillusion.fr\/index.php\/sample-page\/\"]}]},{\"@type\":\"BreadcrumbList\",\"@id\":\"https:\/\/www.blog.claireillusion.fr\/index.php\/sample-page\/#breadcrumb\",\"itemListElement\":[{\"@type\":\"ListItem\",\"position\":1,\"name\":\"Home\",\"item\":\"https:\/\/www.blog.claireillusion.fr\/\"},{\"@type\":\"ListItem\",\"position\":2,\"name\":\"Claire Vision &#038; Claire Illusion @tout Bout de Champs\"}]},{\"@type\":\"WebSite\",\"@id\":\"https:\/\/www.blog.claireillusion.fr\/#website\",\"url\":\"https:\/\/www.blog.claireillusion.fr\/\",\"name\":\"Claire Vision\",\"description\":\"Arts, technologie et Soci\u00e9t\u00e9\",\"publisher\":{\"@id\":\"https:\/\/www.blog.claireillusion.fr\/#organization\"},\"alternateName\":\"claire vision\",\"potentialAction\":[{\"@type\":\"SearchAction\",\"target\":{\"@type\":\"EntryPoint\",\"urlTemplate\":\"https:\/\/www.blog.claireillusion.fr\/?s={search_term_string}\"},\"query-input\":{\"@type\":\"PropertyValueSpecification\",\"valueRequired\":true,\"valueName\":\"search_term_string\"}}],\"inLanguage\":\"en-US\"},{\"@type\":\"Organization\",\"@id\":\"https:\/\/www.blog.claireillusion.fr\/#organization\",\"name\":\"Claire Vision\",\"alternateName\":\"tout bout de champs & Claire Illusion\",\"url\":\"https:\/\/www.blog.claireillusion.fr\/\",\"logo\":{\"@type\":\"ImageObject\",\"inLanguage\":\"en-US\",\"@id\":\"https:\/\/www.blog.claireillusion.fr\/#\/schema\/logo\/image\/\",\"url\":\"https:\/\/www.blog.claireillusion.fr\/wp-content\/uploads\/2026\/02\/cropped-logo-blanc-cv-1.png\",\"contentUrl\":\"https:\/\/www.blog.claireillusion.fr\/wp-content\/uploads\/2026\/02\/cropped-logo-blanc-cv-1.png\",\"width\":253,\"height\":200,\"caption\":\"Claire Vision\"},\"image\":{\"@id\":\"https:\/\/www.blog.claireillusion.fr\/#\/schema\/logo\/image\/\"},\"sameAs\":[\"http:\/\/instagram@claire.illusion\"]}]}<\/script>\n<!-- \/ Yoast SEO plugin. -->","yoast_head_json":{"title":"Claire Vision & Claire Illusion @tout Bout de Champs - Claire Vision","robots":{"index":"index","follow":"follow","max-snippet":"max-snippet:-1","max-image-preview":"max-image-preview:large","max-video-preview":"max-video-preview:-1"},"canonical":"https:\/\/www.blog.claireillusion.fr\/index.php\/sample-page\/","og_locale":"en_US","og_type":"article","og_title":"Claire Vision & Claire Illusion @tout Bout de Champs - Claire Vision","og_description":"Au-del\u00e0 d&#8217;un jeu sur les identit\u00e9s professionnelles, le pseudo sur les r\u00e9seaux , les r\u00f4les, les m\u00e9tiers, les fonctions, pr\u00e9ciser et se perdre\u202f! Claire Illusion : artiste visuelle mais pas que : Claire Vision : intervenante Nous essayons de penser la complexit\u00e9, \u00e0 travers les champs visuels, les champs des mondes sociaux, de la philosophie [&hellip;]","og_url":"https:\/\/www.blog.claireillusion.fr\/index.php\/sample-page\/","og_site_name":"Claire Vision","article_modified_time":"2026-02-05T15:25:19+00:00","og_image":[{"width":695,"height":516,"url":"https:\/\/www.blog.claireillusion.fr\/wp-content\/uploads\/2026\/02\/cropped-logo-blanc-cv.png","type":"image\/png"}],"twitter_card":"summary_large_image","twitter_misc":{"Est. reading time":"1 minute"},"schema":{"@context":"https:\/\/schema.org","@graph":[{"@type":"WebPage","@id":"https:\/\/www.blog.claireillusion.fr\/index.php\/sample-page\/","url":"https:\/\/www.blog.claireillusion.fr\/index.php\/sample-page\/","name":"Claire Vision & Claire Illusion @tout Bout de Champs - Claire Vision","isPartOf":{"@id":"https:\/\/www.blog.claireillusion.fr\/#website"},"datePublished":"2026-02-04T14:33:53+00:00","dateModified":"2026-02-05T15:25:19+00:00","breadcrumb":{"@id":"https:\/\/www.blog.claireillusion.fr\/index.php\/sample-page\/#breadcrumb"},"inLanguage":"en-US","potentialAction":[{"@type":"ReadAction","target":["https:\/\/www.blog.claireillusion.fr\/index.php\/sample-page\/"]}]},{"@type":"BreadcrumbList","@id":"https:\/\/www.blog.claireillusion.fr\/index.php\/sample-page\/#breadcrumb","itemListElement":[{"@type":"ListItem","position":1,"name":"Home","item":"https:\/\/www.blog.claireillusion.fr\/"},{"@type":"ListItem","position":2,"name":"Claire Vision &#038; Claire Illusion @tout Bout de Champs"}]},{"@type":"WebSite","@id":"https:\/\/www.blog.claireillusion.fr\/#website","url":"https:\/\/www.blog.claireillusion.fr\/","name":"Claire Vision","description":"Arts, technologie et Soci\u00e9t\u00e9","publisher":{"@id":"https:\/\/www.blog.claireillusion.fr\/#organization"},"alternateName":"claire vision","potentialAction":[{"@type":"SearchAction","target":{"@type":"EntryPoint","urlTemplate":"https:\/\/www.blog.claireillusion.fr\/?s={search_term_string}"},"query-input":{"@type":"PropertyValueSpecification","valueRequired":true,"valueName":"search_term_string"}}],"inLanguage":"en-US"},{"@type":"Organization","@id":"https:\/\/www.blog.claireillusion.fr\/#organization","name":"Claire Vision","alternateName":"tout bout de champs & Claire Illusion","url":"https:\/\/www.blog.claireillusion.fr\/","logo":{"@type":"ImageObject","inLanguage":"en-US","@id":"https:\/\/www.blog.claireillusion.fr\/#\/schema\/logo\/image\/","url":"https:\/\/www.blog.claireillusion.fr\/wp-content\/uploads\/2026\/02\/cropped-logo-blanc-cv-1.png","contentUrl":"https:\/\/www.blog.claireillusion.fr\/wp-content\/uploads\/2026\/02\/cropped-logo-blanc-cv-1.png","width":253,"height":200,"caption":"Claire Vision"},"image":{"@id":"https:\/\/www.blog.claireillusion.fr\/#\/schema\/logo\/image\/"},"sameAs":["http:\/\/instagram@claire.illusion"]}]}},"_links":{"self":[{"href":"https:\/\/www.blog.claireillusion.fr\/index.php\/wp-json\/wp\/v2\/pages\/2","targetHints":{"allow":["GET"]}}],"collection":[{"href":"https:\/\/www.blog.claireillusion.fr\/index.php\/wp-json\/wp\/v2\/pages"}],"about":[{"href":"https:\/\/www.blog.claireillusion.fr\/index.php\/wp-json\/wp\/v2\/types\/page"}],"author":[{"embeddable":true,"href":"https:\/\/www.blog.claireillusion.fr\/index.php\/wp-json\/wp\/v2\/users\/1"}],"replies":[{"embeddable":true,"href":"https:\/\/www.blog.claireillusion.fr\/index.php\/wp-json\/wp\/v2\/comments?post=2"}],"version-history":[{"count":1,"href":"https:\/\/www.blog.claireillusion.fr\/index.php\/wp-json\/wp\/v2\/pages\/2\/revisions"}],"predecessor-version":[{"id":68,"href":"https:\/\/www.blog.claireillusion.fr\/index.php\/wp-json\/wp\/v2\/pages\/2\/revisions\/68"}],"wp:attachment":[{"href":"https:\/\/www.blog.claireillusion.fr\/index.php\/wp-json\/wp\/v2\/media?parent=2"}],"curies":[{"name":"wp","href":"https:\/\/api.w.org\/{rel}","templated":true}]}}